{"id":105377,"date":"2024-02-23T10:30:43","date_gmt":"2024-02-23T09:30:43","guid":{"rendered":"https:\/\/ekolovaso.com\/pribatutasun-politika\/"},"modified":"2025-11-03T12:49:38","modified_gmt":"2025-11-03T11:49:38","slug":"pribatutasun-politika","status":"publish","type":"page","link":"https:\/\/ekolovaso.com\/eu\/pribatutasun-politika\/","title":{"rendered":"Pribatutasun-politika"},"content":{"rendered":"\t\t<div data-elementor-type=\"wp-page\" data-elementor-id=\"105377\" class=\"elementor elementor-105377 elementor-104322\" data-elementor-post-type=\"page\">\n\t\t\t\t<div class=\"elementor-element elementor-element-39b8bf7 e-con-full e-flex e-con e-parent\" data-id=\"39b8bf7\" data-element_type=\"container\" data-e-type=\"container\" data-settings=\"{&quot;background_background&quot;:&quot;classic&quot;}\">\n\t\t<div class=\"elementor-element elementor-element-a6ef805 e-flex e-con-boxed e-con e-child\" data-id=\"a6ef805\" data-element_type=\"container\" data-e-type=\"container\">\n\t\t\t\t\t<div class=\"e-con-inner\">\n\t\t\t\t<div class=\"elementor-element elementor-element-b41dc73 elementor-widget__width-initial elementor-widget elementor-widget-heading\" data-id=\"b41dc73\" data-element_type=\"widget\" data-e-type=\"widget\" data-widget_type=\"heading.default\">\n\t\t\t\t<div class=\"elementor-widget-container\">\n\t\t\t\t\t<h1 class=\"elementor-heading-title elementor-size-default\">Pribatutasun-politika<\/h1>\t\t\t\t<\/div>\n\t\t\t\t<\/div>\n\t\t\t\t\t<\/div>\n\t\t\t\t<\/div>\n\t\t\t\t<\/div>\n\t\t<div class=\"elementor-element elementor-element-5e24e888 e-flex e-con-boxed e-con e-parent\" data-id=\"5e24e888\" data-element_type=\"container\" data-e-type=\"container\">\n\t\t\t\t\t<div class=\"e-con-inner\">\n\t\t\t\t<div class=\"elementor-element elementor-element-cb8c990 elementor-widget elementor-widget-spacer\" data-id=\"cb8c990\" data-element_type=\"widget\" data-e-type=\"widget\" data-widget_type=\"spacer.default\">\n\t\t\t\t<div class=\"elementor-widget-container\">\n\t\t\t\t\t\t\t<div class=\"elementor-spacer\">\n\t\t\t<div class=\"elementor-spacer-inner\"><\/div>\n\t\t<\/div>\n\t\t\t\t\t\t<\/div>\n\t\t\t\t<\/div>\n\t\t\t\t<div class=\"elementor-element elementor-element-25286ae4 elementor-widget elementor-widget-text-editor\" data-id=\"25286ae4\" data-element_type=\"widget\" data-e-type=\"widget\" data-widget_type=\"text-editor.default\">\n\t\t\t\t<div class=\"elementor-widget-container\">\n\t\t\t\t\t\t\t\t\t<h3 style=\"text-align: center;\">Webgunearen jabearen xehetasunak<\/h3><table><tbody><tr><td>SOZIETATEAREN IZENA: <\/td><td>JOSE MANUEL NIETO MANEIRO<\/td><\/tr><tr><td><\/td><td>IZF<\/td>: 72577765T <\/tr><tr><td>POSTA HELBIDEA<\/td><td>POL. INDUSTRIAL EITUA, 10 48240, BERRIZ &#8211; BIZKAIA<\/td><\/tr><tr><td>POSTA ELECTRONIKO: <\/td><td>info@ekolovaso.com<\/td><\/tr><tr><td>TELEFONO<\/td><td>615 756 607<\/td><\/tr><tr><td>NEGOZIOAREN HELBURU NAGUSIA<\/td><td>Hainbat produktu motatan inprimatzea<\/td><\/tr><\/tbody><\/table><h3>Datuen Babesa<\/h3><p>Datu pertsonalen babesari buruzko indarrean dagoen eta aplikagarria den araudiaren arabera, zure datuak JOSE MANUEL NIETO MANEIROren IFZ 72577765T eta egoitza POLean duen tratamendu sisteman sartuko direla jakinarazten dizugu. INDUSTRIAL EITUA, 10 48240, BERRIZ (BIZKAIA), eta dagozkien xedeak, kontserbazio epeak eta oinarri legitimatzaileak ageri dira jarraian. Hala eskatzen duten tratamenduetarako, profilak eta erabaki automatizatuak sor daitezkeen informazioa ere ematen da, bai eta JOSE MANUEL NIETO MANEIROk egin nahi dituen esleipen eta nazioarteko transferentzia posibleei buruz ere:<\/p><table><thead><tr><th colspan=\"2\">EGINDAKO TRATAMENDUAK<\/th><\/tr><\/thead><tbody><tr><td><strong>Webgunearen kudeaketa<\/strong><\/td><td><strong>Finalidad<\/strong>: Tratamiento y gesti\u00f3n de los datos necesarios para la funcionalidad de la p\u00e1gina web<br><strong>Plazo de conservaci\u00f3n<\/strong>: mientras perdure el consentimiento prestado<br><strong>Base leg\u00edtima<\/strong>: El consentimiento del interesado<br><strong>Tipolog\u00eda de Datos<\/strong>: Datos meramente identificativos<br><strong>Cesiones<\/strong>: No se prev\u00e9n<br><strong>Transferencias internacionales<\/strong>: No se prev\u00e9n<br><strong>Elaboraciones de perfiles<\/strong>: No se prev\u00e9n<\/td><\/tr><tr><td><strong>Web formularioa<\/strong><\/td><td><strong>Finalidad<\/strong>: Atender sus consultas y\/o solicitudes<br><strong>Plazo de conservaci\u00f3n<\/strong>: mientras se mantenga el consentimiento prestado.<br><strong>Base leg\u00edtima<\/strong>: El consentimiento del interesado<br><strong>Tipolog\u00eda de Datos<\/strong>: Datos meramente identificativos<br><strong>Cesiones<\/strong>: Ninguna<br><strong>Transferencias internacionales<\/strong>: No se prev\u00e9n<br><strong>Elaboraciones de perfiles<\/strong>: No se prev\u00e9n<\/td><\/tr><tr><td><strong>Araudia betetzearen kudeaketa<\/strong><\/td><td><strong>Xedea<\/strong> : Erakundearen menpe dagoen araudia betetzetik eratorritako betebehar eta betebeharrak kudeatzea eta izapidetzea.<br><strong>Kontserbazio epea<\/strong> : dokumentuen kopiak kontserbatzea, erantzukizun posiblea erreklamatzeko akzioak iraungi arte.<br><strong>Oinarri legitimoa<\/strong> : lege bat betetzea<br><strong>Datu mota<\/strong> : identifikatzeko datuak besterik ez<br><strong>Esleipenak<\/strong> : zure datuak beharrezkoa bada gaian eskumena duten erakunde eta\/edo administrazio publikoei jakinaraziko zaizkie, aplikagarria den araudian ezarritako betebeharrak betetzeko. Gainera, jakinarazten da eskualdaketaren oinarri legitimatzailea aplikagarri den araudian ezarritako betebeharrak betetzea dela.<br><strong>Nazioarteko transferentziak<\/strong> : Ez da ematen<br><strong>Profilaren lanketa<\/strong> : Ez da aurreikusi<\/td><\/tr><tr><td><strong>Merkataritza jarduerak<\/strong><\/td><td><strong>Helburua<\/strong>: Gure produktu eta\/edo zerbitzuen publizitate eta prospekzio komertzialerako datuak biltzea, erregistratzea eta tratatzea<br><strong>Kontserbatzeko epea<\/strong>: emandako baimena mantentzen den bitartean<br><strong><strong>Oinarri legitimoa<\/strong>:<\/strong> Interesdunaren adostasuna<br>Datuen tipologia: Identifikazio-datu hutsak<br><strong>Lagapenak<\/strong>: bat ere ez<br><strong>Nazioarteko transferentziak<\/strong>: ez dira aurreikusten<br><strong>Profilen elaborazioak:<\/strong> Ez dira aurreikusten<\/td><\/tr><\/tbody><\/table><h3>Interesdunen eskubideak<\/h3><p>JOSE MANUEL NIETO MANEIROk Erabiltzaileei jakinarazten die datu pertsonalen tratamenduaren aurka sartzeko, zuzentzeko, mugatzeko, ezabatzeko, eramangarritasunerako eta aurka egiteko eskubideak erabil ditzaketela Datuen Arduradunaren aurrean, bai eta emandako baimena kentzeko ere.<\/p><p>\u2022 <strong>Derecho de Acceso<\/strong>: Es el derecho del usuario a obtener informaci\u00f3n sobre sus datos concretos de car\u00e1cter personal y del tratamiento que se haya realizado o realice, as\u00ed como de la informaci\u00f3n disponible sobre el origen de dichos datos y las comunicaciones realizadas o previstas de los mismos.<br>\u2022 <strong>Derecho de Rectificaci\u00f3n<\/strong>: Es el derecho del afectado a que se modifiquen los datos que resulten ser inexactos o incompletos. JOSE MANUEL NIETO MANEIROren kontrolpean dagoen informazioari dagokionez bakarrik ase daiteke, adibidez, orrialdean bertan argitaratutako iruzkinak, erabiltzailearen datu pertsonalak dituzten irudiak edo web edukiak ezabatuz.<br>\u2022 Tratamendua mugatzeko eskubidea : tratamenduaren arduradunak hasieran aurreikusitako tratamenduaren helburuak mugatzeko eskubidea da.<br>\u2022 Ezabatzeko eskubidea: Erabiltzailearen izaera pertsonaleko datuak ezabatzeko eskubidea da, DBEOn bertan edo datu horiek denboran eta forman gordetzeko betebeharra ezartzen duten beste araudi aplikagarri batzuetan aurreikusitakoa izan ezik.<br>\u2022 Eramangarritasun eskubidea : Erabiltzaileak emandako datu pertsonalak, formatu egituratu batean, erabili ohi den eta makinaz irakur daitekeen batean jasotzeko eta beste arduradun bati transmititzeko eskubidea.<br>\u2022 Aurka egiteko eskubidea : erabiltzailearen eskubidea da bere datu pertsonalak tratatu ez izana edo haien tratamendua bertan behera uztea JOSE MANUEL NIETO MANEIROk.<\/p><p>Arestian azaldutako eskubideetako bat gauzatzeko, honako baldintza hauek bete behar dituzu:<\/p><p>\u2022 POL zuzendaritzari idazki bat aurkeztea. INDUSTRIAL EITUA, 10 48240, BERRIZ (BIZKAIA) (JOSE MANUEL NIETO MANEIROren arretarako) edo emailez info@ekolovaso.com helbidera.<br>\u2022 Ariketa eskatzen duen datuen jabeak bidalitako dokumentuak legezko baldintza hauek bete beharko ditu:<\/p><div>\u00ba Interesdunaren izena, abizenak eta NAN\/AIZren edo edozein identifikazio-agiriren kopia. Ordezkaritza onartzen den salbuespenezko kasuetan, ordezkatzen duen pertsonaren bide beretik identifikatzea ere beharrezkoa izango da, bai eta ordezkaritza egiaztatzen duen agiria ere. NANaren fotokopia ordezkatu ahal izango da, betiere nortasuna legezko beste edozein bideren bidez frogatzen bada.<br>\u00ba Eskaera zehazten duen eskaera. (Atzitu nahi duzun informazioa eskatzen den ariketa). Fitxategi zehatz batera aipatzen ez baduzu, zure datu pertsonalekin dugun informazio guztia emango zaizu. Fitxategi zehatz bateko informazioa eskatzen baduzu, fitxategi honetako informazioa bakarrik. Hirugarren bati lotutako informazioa eskatzen baduzu, ez da inoiz emango. Telefonoz eskatzen baduzu, idatziz egiteko agindua emango dizute eta nola egin dezakezun eta zein helbidetara bidali behar duzun jakinaraziko zaizu. Inoiz ez zaizu informaziorik emango telefonoz.<br>\u00ba Helbidea jakinarazpenetarako.<br>\u00ba Eskatzailearen data eta sinadura.<br>\u00ba Egin duzun eskaera egiaztatzen duten agiriak.<br>\u00ba Interesdunak eskaera bidali eta jaso izanaren egiaztagiria ahalbidetzen duen edozein bitarteko erabili beharko du.<p>Azkenik, jakinarazten dizugu erreklamazio bat aurkezteko eskubidea duzula Datuak Babesteko Espainiako Agentzian, gertakari batek datuen babesari buruzko araudi aplikagarria urratu dezakeela jakiten baduzu edo uste baduzu.<\/p><p>JOSE MANUEL NIETO MANEIROk konpromisoa hartzen du beharrezko neurri teknikoak eta antolakuntzakoak hartzeko, haiek egindako tratamenduekin batera dakarten arrisku-mailaren arabera eta erabilera-baldintzen atalean adierazitakoa, haien osotasuna, konfidentzialtasuna eta erabilgarritasuna bermatzeko. .<\/p><p><strong>AZKEN EGUNERATZEA: 2025eko otsailak 23<\/strong><\/p><\/div>\t\t\t\t\t\t\t\t<\/div>\n\t\t\t\t<\/div>\n\t\t\t\t\t<\/div>\n\t\t\t\t<\/div>\n\t\t\t\t<\/div>\n\t\t","protected":false},"excerpt":{"rendered":"<p>Pribatutasun politika ENPRESA IZENA JOSE MANUEL NIETO MANEIRO IFZ 72577765T POSTAL HELBIDEA POL. INDUSTRIAL EITUA, 10, Berriz<\/p>\n","protected":false},"author":2,"featured_media":0,"parent":0,"menu_order":0,"comment_status":"closed","ping_status":"closed","template":"","meta":{"_acf_changed":false,"footnotes":""},"class_list":["post-105377","page","type-page","status-publish","hentry"],"acf":[],"aioseo_notices":[],"_links":{"self":[{"href":"https:\/\/ekolovaso.com\/eu\/wp-json\/wp\/v2\/pages\/105377","targetHints":{"allow":["GET"]}}],"collection":[{"href":"https:\/\/ekolovaso.com\/eu\/wp-json\/wp\/v2\/pages"}],"about":[{"href":"https:\/\/ekolovaso.com\/eu\/wp-json\/wp\/v2\/types\/page"}],"author":[{"embeddable":true,"href":"https:\/\/ekolovaso.com\/eu\/wp-json\/wp\/v2\/users\/2"}],"replies":[{"embeddable":true,"href":"https:\/\/ekolovaso.com\/eu\/wp-json\/wp\/v2\/comments?post=105377"}],"version-history":[{"count":0,"href":"https:\/\/ekolovaso.com\/eu\/wp-json\/wp\/v2\/pages\/105377\/revisions"}],"wp:attachment":[{"href":"https:\/\/ekolovaso.com\/eu\/wp-json\/wp\/v2\/media?parent=105377"}],"curies":[{"name":"wp","href":"https:\/\/api.w.org\/{rel}","templated":true}]}}